{"id":27,"date":"2019-02-04T18:47:34","date_gmt":"2019-02-04T18:47:34","guid":{"rendered":"http:\/\/gruposaade.com\/site\/?page_id=27"},"modified":"2019-02-04T19:31:59","modified_gmt":"2019-02-04T19:31:59","slug":"contactenos","status":"publish","type":"page","link":"https:\/\/gruposaade.com\/site\/contactenos\/","title":{"rendered":"Cont\u00e1ctenos"},"content":{"rendered":"\n<p><strong>Direcci\u00f3n:<\/strong> Centro de Negocios Start Oficinas, Calle La Reforna #209, Colonia San Benito, San Salvador.<br><br><strong>Tel\u00e9fono:<\/strong> (503) 2245-2148<br><br><strong>Whatsapp:<\/strong> (503) 7845-3507<br><br><strong>Correo&nbsp;electr\u00f3nico:<\/strong> <a href=\"mailto:contacto@gruposaade.com\">contacto@gruposaade.com<\/a><\/p>\n\n\n\n<iframe loading=\"lazy\" src=\"https:\/\/www.google.com\/maps\/embed?pb=!1m18!1m12!1m3!1d3649.280046349849!2d-89.23685708532665!3d13.693364502334575!2m3!1f0!2f0!3f0!3m2!1i1024!2i768!4f13.1!3m3!1m2!1s0x8f63303a7c2a21cf%3A0x4b3b2cf55540e9d9!2sStart+Oficinas!5e1!3m2!1ses-419!2ssv!4v1549306212271\" width=\"600\" height=\"450\" frameborder=\"0\" style=\"border:0\" allowfullscreen><\/iframe>\n\n\n\n<h2><strong>Comentarios o cotizaciones<\/strong><\/h2>\n\n\n<div class=\"wpforms-container wpforms-container-full\" id=\"wpforms-47\"><form id=\"wpforms-form-47\" class=\"wpforms-validate wpforms-form\" data-formid=\"47\" method=\"post\" enctype=\"multipart\/form-data\" action=\"\/site\/wp-json\/wp\/v2\/pages\/27\"><div class=\"wpforms-field-container\"><div id=\"wpforms-47-field_0-container\" class=\"wpforms-field wpforms-field-name\" data-field-id=\"0\"><label class=\"wpforms-field-label\" for=\"wpforms-47-field_0\">Nombre <span class=\"wpforms-required-label\">*<\/span><\/label><input type=\"text\" id=\"wpforms-47-field_0\" class=\"wpforms-field-medium wpforms-field-required\" name=\"wpforms[fields][0]\" required><\/div><div id=\"wpforms-47-field_1-container\" class=\"wpforms-field wpforms-field-email\" data-field-id=\"1\"><label class=\"wpforms-field-label\" for=\"wpforms-47-field_1\">Correo electr\u00f3nico <span class=\"wpforms-required-label\">*<\/span><\/label><input type=\"email\" id=\"wpforms-47-field_1\" class=\"wpforms-field-medium wpforms-field-required\" name=\"wpforms[fields][1]\" required><\/div><div id=\"wpforms-47-field_3-container\" class=\"wpforms-field wpforms-field-select\" data-field-id=\"3\"><label class=\"wpforms-field-label\" for=\"wpforms-47-field_3\">Motivo de su mensaje <span class=\"wpforms-required-label\">*<\/span><\/label><select name=\"wpforms[fields][3]\" id=\"wpforms-47-field_3\" class=\"wpforms-field-medium wpforms-field-required\"  required><option value=\"Cotizaci\u00f3n\" >Cotizaci\u00f3n<\/option><option value=\"Soporte t\u00e9cnico\" >Soporte t\u00e9cnico<\/option><option value=\"Comentario\" >Comentario<\/option><\/select><\/div><div id=\"wpforms-47-field_2-container\" class=\"wpforms-field wpforms-field-textarea\" data-field-id=\"2\"><label class=\"wpforms-field-label\" for=\"wpforms-47-field_2\">Mensaje o comentario <span class=\"wpforms-required-label\">*<\/span><\/label><textarea id=\"wpforms-47-field_2\" class=\"wpforms-field-medium wpforms-field-required\" name=\"wpforms[fields][2]\" required><\/textarea><\/div><\/div><div class=\"wpforms-field wpforms-field-hp\"><label for=\"wpforms-field_hp\" class=\"wpforms-field-label\">Phone<\/label><input type=\"text\" name=\"wpforms[hp]\" id=\"wpforms-field_hp\" class=\"wpforms-field-medium\"><\/div><div class=\"wpforms-recaptcha-container\" ><div class=\"g-recaptcha\" data-sitekey=\"6LfiHI8UAAAAAGDYam38EqiPAHFkisUeXhvOkPSH\"><\/div><input type=\"text\" name=\"g-recaptcha-hidden\" class=\"wpforms-recaptcha-hidden\" style=\"position:absolute!important;clip:rect(0,0,0,0)!important;height:1px!important;width:1px!important;border:0!important;overflow:hidden!important;padding:0!important;margin:0!important;\" required><\/div><div class=\"wpforms-submit-container\" ><input type=\"hidden\" name=\"wpforms[id]\" value=\"47\"><input type=\"hidden\" name=\"wpforms[author]\" value=\"1\"><button type=\"submit\" name=\"wpforms[submit]\" class=\"wpforms-submit \" id=\"wpforms-submit-47\" value=\"wpforms-submit\" data-alt-text=\"Enviando...\">Enviar<\/button><\/div><\/form><\/div>","protected":false},"excerpt":{"rendered":"<p>Direcci\u00f3n: Centro de Negocios Start Oficinas, Calle La Reforna #209, Colonia San Benito, San Salvador. Tel\u00e9fono: (503) 2245-2148 Whatsapp: (503) 7845-3507 Correo&nbsp;electr\u00f3nico: contacto@gruposaade.com Comentarios o cotizaciones<\/p>\n","protected":false},"author":1,"featured_media":0,"parent":0,"menu_order":0,"comment_status":"closed","ping_status":"closed","template":"","meta":[],"_links":{"self":[{"href":"https:\/\/gruposaade.com\/site\/wp-json\/wp\/v2\/pages\/27"}],"collection":[{"href":"https:\/\/gruposaade.com\/site\/wp-json\/wp\/v2\/pages"}],"about":[{"href":"https:\/\/gruposaade.com\/site\/wp-json\/wp\/v2\/types\/page"}],"author":[{"embeddable":true,"href":"https:\/\/gruposaade.com\/site\/wp-json\/wp\/v2\/users\/1"}],"replies":[{"embeddable":true,"href":"https:\/\/gruposaade.com\/site\/wp-json\/wp\/v2\/comments?post=27"}],"version-history":[{"count":13,"href":"https:\/\/gruposaade.com\/site\/wp-json\/wp\/v2\/pages\/27\/revisions"}],"predecessor-version":[{"id":51,"href":"https:\/\/gruposaade.com\/site\/wp-json\/wp\/v2\/pages\/27\/revisions\/51"}],"wp:attachment":[{"href":"https:\/\/gruposaade.com\/site\/wp-json\/wp\/v2\/media?parent=27"}],"curies":[{"name":"wp","href":"https:\/\/api.w.org\/{rel}","templated":true}]}}